{"id":958,"date":"2025-03-10T14:08:21","date_gmt":"2025-03-10T14:08:21","guid":{"rendered":"https:\/\/falera.pro\/contacte\/"},"modified":"2025-08-22T10:31:06","modified_gmt":"2025-08-22T10:31:06","slug":"contacto","status":"publish","type":"page","link":"https:\/\/falera.pro\/es\/contacto\/","title":{"rendered":"Contacto"},"content":{"rendered":"\t\t<div data-elementor-type=\"wp-page\" data-elementor-id=\"958\" class=\"elementor elementor-958 elementor-608\">\n\t\t\t\t\t\t<section class=\"elementor-section elementor-top-section elementor-element elementor-element-c615f6a elementor-section-full_width elementor-section-height-default elementor-section-height-default parallax_section_no qode_elementor_container_no qode-content-aligment-left\" data-id=\"c615f6a\" data-element_type=\"section\" data-e-type=\"section\">\n\t\t\t\t\t\t<div class=\"elementor-container elementor-column-gap-default\">\n\t\t\t\t\t<div class=\"elementor-column elementor-col-50 elementor-top-column elementor-element elementor-element-60b8c76\" data-id=\"60b8c76\" data-element_type=\"column\" data-e-type=\"column\">\n\t\t\t<div class=\"elementor-widget-wrap elementor-element-populated\">\n\t\t\t\t\t\t<div class=\"elementor-element elementor-element-908ab9c elementor-widget elementor-widget-icon_text\" data-id=\"908ab9c\" data-element_type=\"widget\" data-e-type=\"widget\" data-widget_type=\"icon_text.default\">\n\t\t\t\t<div class=\"elementor-widget-container\">\n\t\t\t\t\t<div class='q_icon_with_title   left_from_title with_custom_icon'><div class=\"icon_text_holder\" style=\"\"><div class=\"icon_text_inner\" style=\"\"><div class=\"icon_title_holder\"><div class=\"icon_holder \" style=\"margin: 0 10px 0 0; \"><div class=\"icon_holder_inner\"><img decoding=\"async\" width=\"9\" height=\"9\" src=\"https:\/\/falera.pro\/wp-content\/uploads\/2020\/06\/Black-dot.png\" class=\"attachment-full size-full\" alt=\"a\" \/><\/div><\/div><h6 class=\"icon_title\" style=\"\">Contacto<\/h6><\/div><p style=''><\/p><\/div><\/div><\/div>\t\t\t\t<\/div>\n\t\t\t\t<\/div>\n\t\t\t\t<div class=\"elementor-element elementor-element-86ac124 elementor-widget elementor-widget-text-editor\" data-id=\"86ac124\" data-element_type=\"widget\" data-e-type=\"widget\" data-widget_type=\"text-editor.default\">\n\t\t\t\t<div class=\"elementor-widget-container\">\n\t\t\t\t\t\t\t\t\t<h2>Escr\u00edbenos a <em><a href=\"mailto:info@falera.pro\" target=\"_blank\" rel=\"noopener\">info@falera.pro<\/a><\/em> o ll\u00e1manos al <em><a href=\"tel:+34600456163\" target=\"_blank\" rel=\"noopener\">+34 600 456 163<\/a><\/em> y cu\u00e9ntanos tu proyecto. Trabajaremos de la manera m\u00e1s eficiente y creativa para que cada detalle transmita la esencia de tu marca.<\/h2>\t\t\t\t\t\t\t\t<\/div>\n\t\t\t\t<\/div>\n\t\t\t\t\t<\/div>\n\t\t<\/div>\n\t\t\t\t<div class=\"elementor-column elementor-col-25 elementor-top-column elementor-element elementor-element-38a714a\" data-id=\"38a714a\" data-element_type=\"column\" data-e-type=\"column\">\n\t\t\t<div class=\"elementor-widget-wrap elementor-element-populated\">\n\t\t\t\t\t\t<div class=\"elementor-element elementor-element-8b0e665 elementor-widget elementor-widget-icon_text\" data-id=\"8b0e665\" data-element_type=\"widget\" data-e-type=\"widget\" data-widget_type=\"icon_text.default\">\n\t\t\t\t<div class=\"elementor-widget-container\">\n\t\t\t\t\t<div class='q_icon_with_title   left_from_title with_custom_icon'><div class=\"icon_text_holder\" style=\"\"><div class=\"icon_text_inner\" style=\"\"><div class=\"icon_title_holder\"><div class=\"icon_holder \" style=\"margin: 0 10px 0 0; \"><div class=\"icon_holder_inner\"><img decoding=\"async\" width=\"9\" height=\"9\" src=\"https:\/\/falera.pro\/wp-content\/uploads\/2020\/06\/Black-dot.png\" class=\"attachment-full size-full\" alt=\"a\" \/><\/div><\/div><h6 class=\"icon_title\" style=\"\">D\u00f3nde estamos<\/h6><\/div><p style=''><\/p><\/div><\/div><\/div>\t\t\t\t<\/div>\n\t\t\t\t<\/div>\n\t\t\t\t<div class=\"elementor-element elementor-element-ddacd30 elementor-widget elementor-widget-text-editor\" data-id=\"ddacd30\" data-element_type=\"widget\" data-e-type=\"widget\" data-widget_type=\"text-editor.default\">\n\t\t\t\t<div class=\"elementor-widget-container\">\n\t\t\t\t\t\t\t\t\t<h2>Manresa<\/h2>\t\t\t\t\t\t\t\t<\/div>\n\t\t\t\t<\/div>\n\t\t\t\t<div class=\"elementor-element elementor-element-b3555cf elementor-widget elementor-widget-text-editor\" data-id=\"b3555cf\" data-element_type=\"widget\" data-e-type=\"widget\" data-widget_type=\"text-editor.default\">\n\t\t\t\t<div class=\"elementor-widget-container\">\n\t\t\t\t\t\t\t\t\t<h4><a href=\"https:\/\/maps.app.goo.gl\/EmtKMUuos9Qapcgg7\" target=\"_blank\" rel=\"noopener\">Pol. Ind. Salelles, 08253 Sant Salvador de Guardiola, Barcelona.<\/a><\/h4>\t\t\t\t\t\t\t\t<\/div>\n\t\t\t\t<\/div>\n\t\t\t\t\t<\/div>\n\t\t<\/div>\n\t\t\t\t<div class=\"elementor-column elementor-col-25 elementor-top-column elementor-element elementor-element-ea96cdb\" data-id=\"ea96cdb\" data-element_type=\"column\" data-e-type=\"column\">\n\t\t\t<div class=\"elementor-widget-wrap elementor-element-populated\">\n\t\t\t\t\t\t<div class=\"elementor-element elementor-element-7b907a9 elementor-widget elementor-widget-text-editor\" data-id=\"7b907a9\" data-element_type=\"widget\" data-e-type=\"widget\" data-widget_type=\"text-editor.default\">\n\t\t\t\t<div class=\"elementor-widget-container\">\n\t\t\t\t\t\t\t\t\t<h2>Bilbao<\/h2>\t\t\t\t\t\t\t\t<\/div>\n\t\t\t\t<\/div>\n\t\t\t\t<div class=\"elementor-element elementor-element-4da69cb elementor-widget elementor-widget-text-editor\" data-id=\"4da69cb\" data-element_type=\"widget\" data-e-type=\"widget\" data-widget_type=\"text-editor.default\">\n\t\t\t\t<div class=\"elementor-widget-container\">\n\t\t\t\t\t\t\t\t\t<h4><a href=\"https:\/\/maps.app.goo.gl\/bkrTfGfyMD2zRwXw5\" target=\"_blank\" rel=\"noopener\">Alameda Mazarredo 35 6A, 48009 Bilbao, Bizkaia.<\/a><\/h4>\t\t\t\t\t\t\t\t<\/div>\n\t\t\t\t<\/div>\n\t\t\t\t\t<\/div>\n\t\t<\/div>\n\t\t\t\t\t<\/div>\n\t\t<\/section>\n\t\t\t\t<\/div>\n\t\t","protected":false},"excerpt":{"rendered":"<p>Contacto Escr\u00edbenos a info@falera.pro o ll\u00e1manos al +34 600 456 163 y cu\u00e9ntanos tu proyecto. Trabajaremos de la manera m\u00e1s eficiente y creativa para que cada detalle transmita la esencia de tu marca. D\u00f3nde estamos Manresa Pol. Ind. Salelles, 08253 Sant Salvador de Guardiola, Barcelona&#8230;.<\/p>\n","protected":false},"author":1,"featured_media":0,"parent":0,"menu_order":0,"comment_status":"closed","ping_status":"closed","template":"full_width.php","meta":{"_coblocks_attr":"","_coblocks_dimensions":"","_coblocks_responsive_height":"","_coblocks_accordion_ie_support":"","footnotes":""},"class_list":["post-958","page","type-page","status-publish","hentry"],"_links":{"self":[{"href":"https:\/\/falera.pro\/es\/wp-json\/wp\/v2\/pages\/958","targetHints":{"allow":["GET"]}}],"collection":[{"href":"https:\/\/falera.pro\/es\/wp-json\/wp\/v2\/pages"}],"about":[{"href":"https:\/\/falera.pro\/es\/wp-json\/wp\/v2\/types\/page"}],"author":[{"embeddable":true,"href":"https:\/\/falera.pro\/es\/wp-json\/wp\/v2\/users\/1"}],"replies":[{"embeddable":true,"href":"https:\/\/falera.pro\/es\/wp-json\/wp\/v2\/comments?post=958"}],"version-history":[{"count":8,"href":"https:\/\/falera.pro\/es\/wp-json\/wp\/v2\/pages\/958\/revisions"}],"predecessor-version":[{"id":966,"href":"https:\/\/falera.pro\/es\/wp-json\/wp\/v2\/pages\/958\/revisions\/966"}],"wp:attachment":[{"href":"https:\/\/falera.pro\/es\/wp-json\/wp\/v2\/media?parent=958"}],"curies":[{"name":"wp","href":"https:\/\/api.w.org\/{rel}","templated":true}]}}