{"id":918,"date":"2025-03-07T11:45:08","date_gmt":"2025-03-07T11:45:08","guid":{"rendered":"https:\/\/falera.pro\/nosaltres\/"},"modified":"2025-08-22T09:29:32","modified_gmt":"2025-08-22T09:29:32","slug":"nosotros","status":"publish","type":"page","link":"https:\/\/falera.pro\/es\/nosotros\/","title":{"rendered":"Nosotros"},"content":{"rendered":"\t\t<div data-elementor-type=\"wp-page\" data-elementor-id=\"918\" class=\"elementor elementor-918 elementor-423\">\n\t\t\t\t\t\t<section class=\"elementor-section elementor-top-section elementor-element elementor-element-86fc451 elementor-section-full_width elementor-section-height-default elementor-section-height-default parallax_section_no qode_elementor_container_no qode-content-aligment-left\" data-id=\"86fc451\" data-element_type=\"section\" data-e-type=\"section\">\n\t\t\t\t\t\t<div class=\"elementor-container elementor-column-gap-default\">\n\t\t\t\t\t<div class=\"elementor-column elementor-col-100 elementor-top-column elementor-element elementor-element-a77be1b\" data-id=\"a77be1b\" data-element_type=\"column\" data-e-type=\"column\">\n\t\t\t<div class=\"elementor-widget-wrap elementor-element-populated\">\n\t\t\t\t\t\t<div class=\"elementor-element elementor-element-a5fa52f elementor-widget elementor-widget-icon_text\" data-id=\"a5fa52f\" data-element_type=\"widget\" data-e-type=\"widget\" data-widget_type=\"icon_text.default\">\n\t\t\t\t<div class=\"elementor-widget-container\">\n\t\t\t\t\t<div class='q_icon_with_title   left_from_title with_custom_icon'><div class=\"icon_text_holder\" style=\"\"><div class=\"icon_text_inner\" style=\"\"><div class=\"icon_title_holder\"><div class=\"icon_holder \" style=\"margin: 0 10px 0 0; \"><div class=\"icon_holder_inner\"><img decoding=\"async\" width=\"9\" height=\"9\" src=\"https:\/\/falera.pro\/wp-content\/uploads\/2020\/06\/Black-dot.png\" class=\"attachment-full size-full\" alt=\"a\" \/><\/div><\/div><h6 class=\"icon_title\" style=\"\">Nosotros<\/h6><\/div><p style=''><\/p><\/div><\/div><\/div>\t\t\t\t<\/div>\n\t\t\t\t<\/div>\n\t\t\t\t<div class=\"elementor-element elementor-element-e35aba5 elementor-widget__width-initial elementor-widget elementor-widget-text-editor\" data-id=\"e35aba5\" data-element_type=\"widget\" data-e-type=\"widget\" data-widget_type=\"text-editor.default\">\n\t\t\t\t<div class=\"elementor-widget-container\">\n\t\t\t\t\t\t\t\t\t<h2>Nos apasiona lo que hacemos, nos entusiasma cada proyecto y tenemos una energ\u00eda inagotable para encontrar soluciones creativas y efectivas. Siempre comprometidos con la calidad y el buen gusto, afrontamos cada reto con profesionalidad y con el objetivo de aportar valor y hacer crecer las marcas de cada uno de nuestros clientes.<\/h2>\n&nbsp;\n<h2>Todo lo que hacemos <em>tiene alma, tiene entusiasmo, tiene falera.<\/em>\nConstruimos marcas que inspiran y dejan huella.<\/h2>\t\t\t\t\t\t\t\t<\/div>\n\t\t\t\t<\/div>\n\t\t\t\t\t<\/div>\n\t\t<\/div>\n\t\t\t\t\t<\/div>\n\t\t<\/section>\n\t\t\t\t<section class=\"elementor-section elementor-top-section elementor-element elementor-element-e95d178 elementor-section-boxed elementor-section-height-default elementor-section-height-default parallax_section_no qode_elementor_container_no qode-content-aligment-left\" data-id=\"e95d178\" data-element_type=\"section\" data-e-type=\"section\">\n\t\t\t\t\t\t<div class=\"elementor-container elementor-column-gap-default\">\n\t\t\t\t\t<div class=\"elementor-column elementor-col-33 elementor-top-column elementor-element elementor-element-0587352\" data-id=\"0587352\" data-element_type=\"column\" data-e-type=\"column\">\n\t\t\t<div class=\"elementor-widget-wrap elementor-element-populated\">\n\t\t\t\t\t\t<div class=\"elementor-element elementor-element-0cbf97d elementor-widget elementor-widget-text-editor\" data-id=\"0cbf97d\" data-element_type=\"widget\" data-e-type=\"widget\" data-widget_type=\"text-editor.default\">\n\t\t\t\t<div class=\"elementor-widget-container\">\n\t\t\t\t\t\t\t\t\t<h3>Dise\u00f1o gr\u00e1fico<\/h3>\t\t\t\t\t\t\t\t<\/div>\n\t\t\t\t<\/div>\n\t\t\t\t<div class=\"elementor-element elementor-element-f138e1f elementor-widget elementor-widget-text-editor\" data-id=\"f138e1f\" data-element_type=\"widget\" data-e-type=\"widget\" data-widget_type=\"text-editor.default\">\n\t\t\t\t<div class=\"elementor-widget-container\">\n\t\t\t\t\t\t\t\t\t<p>Dise\u00f1o de marca: naming, identidad visual y registro de marca. Dise\u00f1o editorial: cat\u00e1logos, informes y presentaciones corporativas. Dise\u00f1o de packaging: creaci\u00f3n de envases, etiquetas y troqueles. Dise\u00f1o corporativo: tarjetas, carteler\u00eda, se\u00f1al\u00e9tica y otros.<\/p>\t\t\t\t\t\t\t\t<\/div>\n\t\t\t\t<\/div>\n\t\t\t\t<div class=\"elementor-element elementor-element-d546345 elementor-widget elementor-widget-text-editor\" data-id=\"d546345\" data-element_type=\"widget\" data-e-type=\"widget\" data-widget_type=\"text-editor.default\">\n\t\t\t\t<div class=\"elementor-widget-container\">\n\t\t\t\t\t\t\t\t\t<h3>Publicidad<\/h3>\t\t\t\t\t\t\t\t<\/div>\n\t\t\t\t<\/div>\n\t\t\t\t<div class=\"elementor-element elementor-element-489710d elementor-widget elementor-widget-text-editor\" data-id=\"489710d\" data-element_type=\"widget\" data-e-type=\"widget\" data-widget_type=\"text-editor.default\">\n\t\t\t\t<div class=\"elementor-widget-container\">\n\t\t\t\t\t\t\t\t\t<p>Dise\u00f1o y gesti\u00f3n de campa\u00f1as publicitarias: formato digital (Google Ads y redes sociales) y tradicional (prensa, radio y televisi\u00f3n). Dise\u00f1o de creatividades publicitarias: anuncios, banners, carteler\u00eda y otros elementos visuales para estrategias publicitarias online y offline.<\/p>\t\t\t\t\t\t\t\t<\/div>\n\t\t\t\t<\/div>\n\t\t\t\t\t<\/div>\n\t\t<\/div>\n\t\t\t\t<div class=\"elementor-column elementor-col-33 elementor-top-column elementor-element elementor-element-dcca4c6\" data-id=\"dcca4c6\" data-element_type=\"column\" data-e-type=\"column\">\n\t\t\t<div class=\"elementor-widget-wrap elementor-element-populated\">\n\t\t\t\t\t\t<div class=\"elementor-element elementor-element-0936181 elementor-widget elementor-widget-text-editor\" data-id=\"0936181\" data-element_type=\"widget\" data-e-type=\"widget\" data-widget_type=\"text-editor.default\">\n\t\t\t\t<div class=\"elementor-widget-container\">\n\t\t\t\t\t\t\t\t\t<h3>Dise\u00f1o web<\/h3>\t\t\t\t\t\t\t\t<\/div>\n\t\t\t\t<\/div>\n\t\t\t\t<div class=\"elementor-element elementor-element-0077366 elementor-widget elementor-widget-text-editor\" data-id=\"0077366\" data-element_type=\"widget\" data-e-type=\"widget\" data-widget_type=\"text-editor.default\">\n\t\t\t\t<div class=\"elementor-widget-container\">\n\t\t\t\t\t\t\t\t\t<p>Dise\u00f1o y programaci\u00f3n: webs personalizadas, optimizadas y adaptables. Mantenimiento: seguridad, velocidad y resoluci\u00f3n de incidencias. Dise\u00f1o de experiencia de usuario (UX) e interfaz de usuario (UI): orientado a una navegaci\u00f3n intuitiva y eficiente.<\/p>\t\t\t\t\t\t\t\t<\/div>\n\t\t\t\t<\/div>\n\t\t\t\t<div class=\"elementor-element elementor-element-d64b4ae elementor-widget elementor-widget-text-editor\" data-id=\"d64b4ae\" data-element_type=\"widget\" data-e-type=\"widget\" data-widget_type=\"text-editor.default\">\n\t\t\t\t<div class=\"elementor-widget-container\">\n\t\t\t\t\t\t\t\t\t<h3>Creaci\u00f3n de contenido<\/h3>\t\t\t\t\t\t\t\t<\/div>\n\t\t\t\t<\/div>\n\t\t\t\t<div class=\"elementor-element elementor-element-51c7833 elementor-widget elementor-widget-text-editor\" data-id=\"51c7833\" data-element_type=\"widget\" data-e-type=\"widget\" data-widget_type=\"text-editor.default\">\n\t\t\t\t<div class=\"elementor-widget-container\">\n\t\t\t\t\t\t\t\t\t<p>Creaci\u00f3n de contenido visual para marcas: fotograf\u00eda de producto, espacios y eventos, as\u00ed como renders 3D. Producci\u00f3n de v\u00eddeos corporativos para presentar productos, contar historias y mostrar la actividad de la empresa. Motion graphics y animaci\u00f3n 3D.<\/p>\t\t\t\t\t\t\t\t<\/div>\n\t\t\t\t<\/div>\n\t\t\t\t\t<\/div>\n\t\t<\/div>\n\t\t\t\t<div class=\"elementor-column elementor-col-33 elementor-top-column elementor-element elementor-element-60bbf6e\" data-id=\"60bbf6e\" data-element_type=\"column\" data-e-type=\"column\">\n\t\t\t<div class=\"elementor-widget-wrap elementor-element-populated\">\n\t\t\t\t\t\t<div class=\"elementor-element elementor-element-8387a2b elementor-widget elementor-widget-text-editor\" data-id=\"8387a2b\" data-element_type=\"widget\" data-e-type=\"widget\" data-widget_type=\"text-editor.default\">\n\t\t\t\t<div class=\"elementor-widget-container\">\n\t\t\t\t\t\t\t\t\t<h3>Marketing y comunicaci\u00f3n<\/h3>\t\t\t\t\t\t\t\t<\/div>\n\t\t\t\t<\/div>\n\t\t\t\t<div class=\"elementor-element elementor-element-d0954a2 elementor-widget elementor-widget-text-editor\" data-id=\"d0954a2\" data-element_type=\"widget\" data-e-type=\"widget\" data-widget_type=\"text-editor.default\">\n\t\t\t\t<div class=\"elementor-widget-container\">\n\t\t\t\t\t\t\t\t\t<p>Estrategias de comunicaci\u00f3n y marketing para conectar mejor con el p\u00fablico y hacer crecer tu marca. Creaci\u00f3n y gesti\u00f3n de contenidos para redes sociales, planes de comunicaci\u00f3n y acciones de marketing personalizadas para cada proyecto.<\/p>\t\t\t\t\t\t\t\t<\/div>\n\t\t\t\t<\/div>\n\t\t\t\t<div class=\"elementor-element elementor-element-e3d9c9d elementor-widget elementor-widget-text-editor\" data-id=\"e3d9c9d\" data-element_type=\"widget\" data-e-type=\"widget\" data-widget_type=\"text-editor.default\">\n\t\t\t\t<div class=\"elementor-widget-container\">\n\t\t\t\t\t\t\t\t\t<h3>Posicionamiento<\/h3>\t\t\t\t\t\t\t\t<\/div>\n\t\t\t\t<\/div>\n\t\t\t\t<div class=\"elementor-element elementor-element-b19c0d2 elementor-widget elementor-widget-text-editor\" data-id=\"b19c0d2\" data-element_type=\"widget\" data-e-type=\"widget\" data-widget_type=\"text-editor.default\">\n\t\t\t\t<div class=\"elementor-widget-container\">\n\t\t\t\t\t\t\t\t\t<p>SEO y SEM para potenciar la visibilidad online: optimizaci\u00f3n web para mejorar el posicionamiento org\u00e1nico en buscadores y atraer m\u00e1s visitantes. Creaci\u00f3n y gesti\u00f3n de anuncios estrat\u00e9gicos para aumentar tr\u00e1fico, generar conversiones y maximizar resultados.<\/p>\t\t\t\t\t\t\t\t<\/div>\n\t\t\t\t<\/div>\n\t\t\t\t\t<\/div>\n\t\t<\/div>\n\t\t\t\t\t<\/div>\n\t\t<\/section>\n\t\t\t\t<section class=\"elementor-section elementor-top-section elementor-element elementor-element-3fe94f8 elementor-section-full_width elementor-section-height-default elementor-section-height-default parallax_section_no qode_elementor_container_no qode-content-aligment-left\" data-id=\"3fe94f8\" data-element_type=\"section\" data-e-type=\"section\">\n\t\t\t\t\t\t<div class=\"elementor-container elementor-column-gap-default\">\n\t\t\t\t\t<div class=\"elementor-column elementor-col-100 elementor-top-column elementor-element elementor-element-eb3f80d\" data-id=\"eb3f80d\" data-element_type=\"column\" data-e-type=\"column\">\n\t\t\t<div class=\"elementor-widget-wrap elementor-element-populated\">\n\t\t\t\t\t\t<div class=\"elementor-element elementor-element-f089f3a elementor-widget elementor-widget-image\" data-id=\"f089f3a\" data-element_type=\"widget\" data-e-type=\"widget\" data-widget_type=\"image.default\">\n\t\t\t\t<div class=\"elementor-widget-container\">\n\t\t\t\t\t\t\t\t\t\t\t\t\t\t\t<img fetchpriority=\"high\" decoding=\"async\" width=\"2560\" height=\"728\" src=\"https:\/\/falera.pro\/wp-content\/uploads\/2025\/04\/foto-falera-nosaltres.jpg\" class=\"attachment-full size-full wp-image-805\" alt=\"\" srcset=\"https:\/\/falera.pro\/wp-content\/uploads\/2025\/04\/foto-falera-nosaltres.jpg 2560w, https:\/\/falera.pro\/wp-content\/uploads\/2025\/04\/foto-falera-nosaltres-300x85.jpg 300w, https:\/\/falera.pro\/wp-content\/uploads\/2025\/04\/foto-falera-nosaltres-1024x291.jpg 1024w, https:\/\/falera.pro\/wp-content\/uploads\/2025\/04\/foto-falera-nosaltres-768x218.jpg 768w, https:\/\/falera.pro\/wp-content\/uploads\/2025\/04\/foto-falera-nosaltres-1536x437.jpg 1536w, https:\/\/falera.pro\/wp-content\/uploads\/2025\/04\/foto-falera-nosaltres-2048x582.jpg 2048w, https:\/\/falera.pro\/wp-content\/uploads\/2025\/04\/foto-falera-nosaltres-700x199.jpg 700w, https:\/\/falera.pro\/wp-content\/uploads\/2025\/04\/foto-falera-nosaltres-1100x313.jpg 1100w\" sizes=\"(max-width: 2560px) 100vw, 2560px\" \/>\t\t\t\t\t\t\t\t\t\t\t\t\t\t\t<\/div>\n\t\t\t\t<\/div>\n\t\t\t\t\t<\/div>\n\t\t<\/div>\n\t\t\t\t\t<\/div>\n\t\t<\/section>\n\t\t\t\t<section class=\"elementor-section elementor-top-section elementor-element elementor-element-039f0b4 elementor-section-full_width elementor-section-height-default elementor-section-height-default parallax_section_no qode_elementor_container_no qode-content-aligment-left\" data-id=\"039f0b4\" data-element_type=\"section\" data-e-type=\"section\">\n\t\t\t\t\t\t<div class=\"elementor-container elementor-column-gap-default\">\n\t\t\t\t\t<div class=\"elementor-column elementor-col-33 elementor-top-column elementor-element elementor-element-4e11850\" data-id=\"4e11850\" data-element_type=\"column\" data-e-type=\"column\">\n\t\t\t<div class=\"elementor-widget-wrap elementor-element-populated\">\n\t\t\t\t\t\t<div class=\"elementor-element elementor-element-269df9c elementor-widget elementor-widget-icon_text\" data-id=\"269df9c\" data-element_type=\"widget\" data-e-type=\"widget\" data-widget_type=\"icon_text.default\">\n\t\t\t\t<div class=\"elementor-widget-container\">\n\t\t\t\t\t<div class='q_icon_with_title   left_from_title with_custom_icon'><div class=\"icon_text_holder\" style=\"\"><div class=\"icon_text_inner\" style=\"\"><div class=\"icon_title_holder\"><div class=\"icon_holder \" style=\"margin: 0 10px 0 0; \"><div class=\"icon_holder_inner\"><img decoding=\"async\" width=\"9\" height=\"9\" src=\"https:\/\/falera.pro\/wp-content\/uploads\/2020\/06\/Black-dot.png\" class=\"attachment-full size-full\" alt=\"a\" \/><\/div><\/div><h6 class=\"icon_title\" style=\"\">Qui\u00e9nes somos<\/h6><\/div><p style=''><\/p><\/div><\/div><\/div>\t\t\t\t<\/div>\n\t\t\t\t<\/div>\n\t\t\t\t<div class=\"elementor-element elementor-element-61d48d8 elementor-widget elementor-widget-text-editor\" data-id=\"61d48d8\" data-element_type=\"widget\" data-e-type=\"widget\" data-widget_type=\"text-editor.default\">\n\t\t\t\t<div class=\"elementor-widget-container\">\n\t\t\t\t\t\t\t\t\t<h2>Conoce el alma<br>de falera<\/h2>\t\t\t\t\t\t\t\t<\/div>\n\t\t\t\t<\/div>\n\t\t\t\t\t<\/div>\n\t\t<\/div>\n\t\t\t\t<div class=\"elementor-column elementor-col-33 elementor-top-column elementor-element elementor-element-b30bd99\" data-id=\"b30bd99\" data-element_type=\"column\" data-e-type=\"column\">\n\t\t\t<div class=\"elementor-widget-wrap elementor-element-populated\">\n\t\t\t\t\t\t<div class=\"elementor-element elementor-element-a1f2365 elementor-widget elementor-widget-team\" data-id=\"a1f2365\" data-element_type=\"widget\" data-e-type=\"widget\" data-widget_type=\"team.default\">\n\t\t\t\t<div class=\"elementor-widget-container\">\n\t\t\t\t\t<div class='q_team '><div class='q_team_inner'><div class='q_team_image'><img decoding=\"async\" src=\"https:\/\/falera.pro\/wp-content\/uploads\/2025\/04\/foto-falera-equip-maria.jpg\" alt=\"team_image\"  \/><div class='q_team_social_holder'  style='background-color:#808DBC7A;'><div class='q_team_social'><div class='q_team_social_inner'><span class='q_social_icon_holder with_link normal_social' ><a href='https:\/\/www.linkedin.com\/in\/maria-vilajuana-88304a114\/' target='_blank'><i class='social_icon fa fa-linkedin  simple_social' style=''><\/i><\/a><\/span><\/div><\/div><\/div><\/div><div class='q_team_text ' ><div class='q_team_text_inner'><div class='q_team_title_holder'><h6 class='q_team_position' style =\"color: #000000;font-size: 17px\">Directora Creativa y Fundadora<\/h6><h3 class='q_team_name' style =\"color: #000000\">Maria Vilajuana<\/h3><\/div><\/div><\/div><\/div><\/div>\t\t\t\t<\/div>\n\t\t\t\t<\/div>\n\t\t\t\t\t<\/div>\n\t\t<\/div>\n\t\t\t\t<div class=\"elementor-column elementor-col-33 elementor-top-column elementor-element elementor-element-dbb9add\" data-id=\"dbb9add\" data-element_type=\"column\" data-e-type=\"column\">\n\t\t\t<div class=\"elementor-widget-wrap elementor-element-populated\">\n\t\t\t\t\t\t<div class=\"elementor-element elementor-element-141bd9d elementor-widget elementor-widget-team\" data-id=\"141bd9d\" data-element_type=\"widget\" data-e-type=\"widget\" data-widget_type=\"team.default\">\n\t\t\t\t<div class=\"elementor-widget-container\">\n\t\t\t\t\t<div class='q_team '><div class='q_team_inner'><div class='q_team_image'><img decoding=\"async\" src=\"https:\/\/falera.pro\/wp-content\/uploads\/2025\/04\/foto-falera-equip-genis.jpg\" alt=\"team_image\"  \/><div class='q_team_social_holder'  style='background-color:#BF71627A;'><div class='q_team_social'><div class='q_team_social_inner'><span class='q_social_icon_holder with_link normal_social' ><a href='https:\/\/www.linkedin.com\/in\/genissala\/' target='_blank'><i class='social_icon fa fa-linkedin  simple_social' style=''><\/i><\/a><\/span><\/div><\/div><\/div><\/div><div class='q_team_text ' ><div class='q_team_text_inner'><div class='q_team_title_holder'><h6 class='q_team_position' style =\"color: #000000;font-size: 17px\">Director Comercial y Fundador<\/h6><h3 class='q_team_name' style =\"color: #000000\">Gen\u00eds Sala<\/h3><\/div><\/div><\/div><\/div><\/div>\t\t\t\t<\/div>\n\t\t\t\t<\/div>\n\t\t\t\t\t<\/div>\n\t\t<\/div>\n\t\t\t\t\t<\/div>\n\t\t<\/section>\n\t\t\t\t<\/div>\n\t\t","protected":false},"excerpt":{"rendered":"<p>Nosotros Nos apasiona lo que hacemos, nos entusiasma cada proyecto y tenemos una energ\u00eda inagotable para encontrar soluciones creativas y efectivas. Siempre comprometidos con la calidad y el buen gusto, afrontamos cada reto con profesionalidad y con el objetivo de aportar valor y hacer crecer&#8230;<\/p>\n","protected":false},"author":1,"featured_media":0,"parent":0,"menu_order":0,"comment_status":"closed","ping_status":"closed","template":"full_width.php","meta":{"_coblocks_attr":"","_coblocks_dimensions":"","_coblocks_responsive_height":"","_coblocks_accordion_ie_support":"","footnotes":""},"class_list":["post-918","page","type-page","status-publish","hentry"],"_links":{"self":[{"href":"https:\/\/falera.pro\/es\/wp-json\/wp\/v2\/pages\/918","targetHints":{"allow":["GET"]}}],"collection":[{"href":"https:\/\/falera.pro\/es\/wp-json\/wp\/v2\/pages"}],"about":[{"href":"https:\/\/falera.pro\/es\/wp-json\/wp\/v2\/types\/page"}],"author":[{"embeddable":true,"href":"https:\/\/falera.pro\/es\/wp-json\/wp\/v2\/users\/1"}],"replies":[{"embeddable":true,"href":"https:\/\/falera.pro\/es\/wp-json\/wp\/v2\/comments?post=918"}],"version-history":[{"count":38,"href":"https:\/\/falera.pro\/es\/wp-json\/wp\/v2\/pages\/918\/revisions"}],"predecessor-version":[{"id":957,"href":"https:\/\/falera.pro\/es\/wp-json\/wp\/v2\/pages\/918\/revisions\/957"}],"wp:attachment":[{"href":"https:\/\/falera.pro\/es\/wp-json\/wp\/v2\/media?parent=918"}],"curies":[{"name":"wp","href":"https:\/\/api.w.org\/{rel}","templated":true}]}}