{"id":1017,"date":"2020-06-05T09:31:02","date_gmt":"2020-06-05T09:31:02","guid":{"rendered":"https:\/\/falera.pro\/falera\/"},"modified":"2025-10-27T11:17:34","modified_gmt":"2025-10-27T11:17:34","slug":"falera","status":"publish","type":"page","link":"https:\/\/falera.pro\/es\/","title":{"rendered":"Falera"},"content":{"rendered":"\t\t<div data-elementor-type=\"wp-page\" data-elementor-id=\"1017\" class=\"elementor elementor-1017 elementor-346\">\n\t\t\t\t\t\t<section class=\"elementor-section elementor-top-section elementor-element elementor-element-ed9decc elementor-section-full_width elementor-section-height-default elementor-section-height-default parallax_section_no qode_elementor_container_no qode-content-aligment-left\" data-id=\"ed9decc\" data-element_type=\"section\" data-e-type=\"section\">\n\t\t\t\t\t\t<div class=\"elementor-container elementor-column-gap-no\">\n\t\t\t\t\t<div class=\"elementor-column elementor-col-100 elementor-top-column elementor-element elementor-element-b16934f\" data-id=\"b16934f\" data-element_type=\"column\" data-e-type=\"column\">\n\t\t\t<div class=\"elementor-widget-wrap elementor-element-populated\">\n\t\t\t\t\t\t<div class=\"elementor-element elementor-element-1e43afc elementor-widget elementor-widget-slider_revolution\" data-id=\"1e43afc\" data-element_type=\"widget\" data-e-type=\"widget\" data-widget_type=\"slider_revolution.default\">\n\t\t\t\t<div class=\"elementor-widget-container\">\n\t\t\t\t\t\n\t\t<div class=\"wp-block-themepunch-revslider\">\n\t\t\t\t<p class=\"rs-p-wp-fix\"><\/p>\n\t\t\t\t<sr7-module data-alias=\"falera-cat-1\" data-id=\"3\" id=\"SR7_3_1\" class=\"rs-ov-hidden\" data-version=\"6.7.18\">\n\t\t\t\t\t<sr7-adjuster><\/sr7-adjuster>\n\t\t\t\t\t<sr7-content>\n\t\t\t\t\t\t<sr7-slide id=\"SR7_3_1-19\" data-key=\"19\">\n\t\t\t\t\t\t\t<sr7-bg id=\"SR7_3_1-19-11\" class=\"sr7-layer\"><noscript><img decoding=\"async\" src=\"https:\/\/falera.pro\/wp-content\/uploads\/2025\/10\/slider-branding-falera-03-scaled.jpg\" alt=\"\" title=\"slider-branding-falera-03\"><\/noscript><\/sr7-bg>\n\t\t\t\t\t\t\t<sr7-txt id=\"SR7_3_1-19-1\" class=\"sr7-layer\">Creamos identidades visuales con car\u00e1cter que conectan con su p\u00fablico a trav\u00e9s de un dise\u00f1o estrat\u00e9gico y coherente.<\/sr7-txt>\n\t\t\t\t\t\t\t<sr7-txt id=\"SR7_3_1-19-3\" class=\"sr7-layer\">BRANDING<\/sr7-txt>\n\t\t\t\t\t\t\t<sr7-txt id=\"SR7_3_1-19-4\" class=\"sr7-layer\"><a class=\"qode-rev-link\" href=\"mailto:info@falera.pro\" style=\"color:#000000;\">  info@falera.pro <\/a><br \/>\n<\/sr7-txt>\n\t\t\t\t\t\t\t<sr7-txt id=\"SR7_3_1-19-5\" class=\"sr7-layer\"><a class=\"qode-rev-link\" href=\"https:\/\/falera.pro\/contacte\/\" style=\"color:#000000;\"> Contacto <\/a><\/sr7-txt>\n\t\t\t\t\t\t\t<sr7-txt id=\"SR7_3_1-19-6\" class=\"sr7-layer\"><a class=\"qode-rev-link\" href=\"tel:+34600456163\" style=\"color:#000000;\"> +34 600 456 163 <\/a><br \/>\n<\/sr7-txt>\n\t\t\t\t\t\t\t<sr7-txt id=\"SR7_3_1-19-7\" class=\"sr7-layer\"><a class=\"qode-rev-link\" href=\"https:\/\/www.instagram.com\/falera.creativa\/\" rel=\"nofollow\" target=\"_blank\" style=\"color:#000000;\"> Instagram <\/a><br \/>\n<\/sr7-txt>\n\t\t\t\t\t\t\t<sr7-txt id=\"SR7_3_1-19-8\" class=\"sr7-layer\"><a class=\"qode-rev-link\" href=\"https:\/\/www.linkedin.com\/company\/109974963\/admin\/page-posts\/published\/\" rel=\"nofollow\" target=\"_blank\" style=\"color:#000000;\"> Linkedin <\/a><br \/>\n<\/sr7-txt>\n\t\t\t\t\t\t\t<a id=\"SR7_3_1-19-10\" class=\"sr7-layer\" href=\"https:\/\/falera.pro\/es\/proyectos\/\" target=\"_self\">> Proyectos<\/a>\n\t\t\t\t\t\t<\/sr7-slide>\n\t\t\t\t\t\t<sr7-slide id=\"SR7_3_1-20\" data-key=\"20\">\n\t\t\t\t\t\t\t<sr7-bg id=\"SR7_3_1-20-11\" class=\"sr7-layer\"><noscript><img decoding=\"async\" src=\"https:\/\/falera.pro\/wp-content\/uploads\/2025\/10\/slider-packaging-falera-03-scaled.jpg\" alt=\"\" title=\"slider-packaging-falera-03\"><\/noscript><\/sr7-bg>\n\t\t\t\t\t\t\t<sr7-txt id=\"SR7_3_1-20-1\" class=\"sr7-layer\">Dise\u00f1amos envases que combinan creatividad y funcionalidad, convirti\u00e9ndolos en una herramienta para transmitir los valores de tu marca.<\/sr7-txt>\n\t\t\t\t\t\t\t<sr7-txt id=\"SR7_3_1-20-3\" class=\"sr7-layer\">PACKAGING<\/sr7-txt>\n\t\t\t\t\t\t\t<sr7-txt id=\"SR7_3_1-20-4\" class=\"sr7-layer\"><a class=\"qode-rev-link\" href=\"mailto:info@falera.pro\" style=\"color:#000000;\">  info@falera.pro <\/a><br \/>\n<\/sr7-txt>\n\t\t\t\t\t\t\t<sr7-txt id=\"SR7_3_1-20-5\" class=\"sr7-layer\"><a class=\"qode-rev-link\" href=\"https:\/\/falera.pro\/contacte\/\" style=\"color:#000000;\"> Contacto <\/a><\/sr7-txt>\n\t\t\t\t\t\t\t<sr7-txt id=\"SR7_3_1-20-6\" class=\"sr7-layer\"><a class=\"qode-rev-link\" href=\"tel:+34600456163\" style=\"color:#000000;\"> +34 600 456 163 <\/a><br \/>\n<\/sr7-txt>\n\t\t\t\t\t\t\t<sr7-txt id=\"SR7_3_1-20-7\" class=\"sr7-layer\"><a class=\"qode-rev-link\" href=\"https:\/\/www.instagram.com\/falera.creativa\/\" rel=\"nofollow\" target=\"_blank\" style=\"color:#000000;\"> Instagram <\/a><br \/>\n<\/sr7-txt>\n\t\t\t\t\t\t\t<sr7-txt id=\"SR7_3_1-20-8\" class=\"sr7-layer\"><a class=\"qode-rev-link\" href=\"https:\/\/www.linkedin.com\/company\/109974963\/admin\/page-posts\/published\/\" rel=\"nofollow\" target=\"_blank\" style=\"color:#000000;\"> Linkedin <\/a><br \/>\n<\/sr7-txt>\n\t\t\t\t\t\t\t<a id=\"SR7_3_1-20-10\" class=\"sr7-layer\" href=\"https:\/\/falera.pro\/es\/proyectos\/\" target=\"_self\">> Proyectos<\/a>\n\t\t\t\t\t\t<\/sr7-slide>\n\t\t\t\t\t\t<sr7-slide id=\"SR7_3_1-21\" data-key=\"21\">\n\t\t\t\t\t\t\t<sr7-bg id=\"SR7_3_1-21-11\" class=\"sr7-layer\"><noscript><img decoding=\"async\" src=\"https:\/\/falera.pro\/wp-content\/uploads\/2025\/10\/slider-comunicacio-falera-06-scaled.jpg\" alt=\"\" title=\"slider-comunicacio\u0301-falera-06\"><\/noscript><\/sr7-bg>\n\t\t\t\t\t\t\t<sr7-txt id=\"SR7_3_1-21-1\" class=\"sr7-layer\">Reforzamos la presencia digital de tu marca con estrategias de comunicaci\u00f3n, dise\u00f1o de p\u00e1ginas web y gesti\u00f3n de redes sociales.<\/sr7-txt>\n\t\t\t\t\t\t\t<sr7-txt id=\"SR7_3_1-21-3\" class=\"sr7-layer\">COMUNICACI\u00d3N<\/sr7-txt>\n\t\t\t\t\t\t\t<sr7-txt id=\"SR7_3_1-21-4\" class=\"sr7-layer\"><a class=\"qode-rev-link\" href=\"mailto:info@falera.pro\" style=\"color:#000000;\">  info@falera.pro <\/a><br \/>\n<\/sr7-txt>\n\t\t\t\t\t\t\t<sr7-txt id=\"SR7_3_1-21-5\" class=\"sr7-layer\"><a class=\"qode-rev-link\" href=\"https:\/\/falera.pro\/contacte\/\" style=\"color:#000000;\"> Contacto <\/a><\/sr7-txt>\n\t\t\t\t\t\t\t<sr7-txt id=\"SR7_3_1-21-6\" class=\"sr7-layer\"><a class=\"qode-rev-link\" href=\"tel:+34600456163\" style=\"color:#000000;\"> +34 600 456 163 <\/a><br \/>\n<\/sr7-txt>\n\t\t\t\t\t\t\t<sr7-txt id=\"SR7_3_1-21-7\" class=\"sr7-layer\"><a class=\"qode-rev-link\" href=\"https:\/\/www.instagram.com\/falera.creativa\/\" rel=\"nofollow\" target=\"_blank\" style=\"color:#000000;\"> Instagram <\/a><br \/>\n<\/sr7-txt>\n\t\t\t\t\t\t\t<sr7-txt id=\"SR7_3_1-21-8\" class=\"sr7-layer\"><a class=\"qode-rev-link\" href=\"https:\/\/www.linkedin.com\/company\/109974963\/admin\/page-posts\/published\/\" rel=\"nofollow\" target=\"_blank\" style=\"color:#000000;\"> Linkedin <\/a><br \/>\n<\/sr7-txt>\n\t\t\t\t\t\t\t<a id=\"SR7_3_1-21-10\" class=\"sr7-layer\" href=\"https:\/\/falera.pro\/es\/proyectos\/\" target=\"_self\">> Proyectos<\/a>\n\t\t\t\t\t\t<\/sr7-slide>\n\t\t\t\t\t\t<sr7-slide id=\"SR7_3_1-22\" data-key=\"22\">\n\t\t\t\t\t\t<\/sr7-slide>\n\t\t\t\t\t<\/sr7-content>\n\t\t\t\t\t<image_lists style=\"display:none\">\n\t\t\t\t\t\t<img data-src=\"\/\/falera.pro\/wp-content\/uploads\/2025\/10\/slider-branding-falera-03-scaled.jpg\" data-libid=\"1089\" data-lib=\"medialibrary\" title=\"slider-branding-falera-03\" width=\"0\" height=\"0\" data-dbsrc=\"Ly9mYWxlcmEucHJvL3dwLWNvbnRlbnQvdXBsb2Fkcy8yMDI1LzEwL3NsaWRlci1icmFuZGluZy1mYWxlcmEtMDMtc2NhbGVkLmpwZw==\"\/>\n\t\t\t\t\t\t<img data-src=\"\/\/falera.pro\/wp-content\/uploads\/2025\/10\/slider-packaging-falera-03-scaled.jpg\" data-libid=\"1091\" data-lib=\"medialibrary\" title=\"slider-packaging-falera-03\" width=\"0\" height=\"0\" data-dbsrc=\"Ly9mYWxlcmEucHJvL3dwLWNvbnRlbnQvdXBsb2Fkcy8yMDI1LzEwL3NsaWRlci1wYWNrYWdpbmctZmFsZXJhLTAzLXNjYWxlZC5qcGc=\"\/>\n\t\t\t\t\t\t<img data-src=\"\/\/falera.pro\/wp-content\/uploads\/2025\/10\/slider-comunicacio-falera-06-scaled.jpg\" data-libid=\"1097\" data-lib=\"medialibrary\" title=\"slider-comunicacio\u0301-falera-06\" width=\"0\" height=\"0\" data-dbsrc=\"Ly9mYWxlcmEucHJvL3dwLWNvbnRlbnQvdXBsb2Fkcy8yMDI1LzEwL3NsaWRlci1jb211bmljYWNpby1mYWxlcmEtMDYtc2NhbGVkLmpwZw==\"\/>\n\t\t\t\t\t<\/image_lists>\n\t\t\t\t<\/sr7-module>\n\t\t\t\t<script>\n\t\t\t\t\tSR7.PMH ??={}; SR7.PMH[\"SR7_3_1\"] = {cn:0,state:false,fn: function() { if (_tpt!==undefined && _tpt.prepareModuleHeight !== undefined) {  _tpt.prepareModuleHeight({id:\"SR7_3_1\",el:[500,500,768,300,500],type:'standard',shdw:'0',gh:[500,500,768,300,500],gw:[1240,1240,1024,778,480],vpt:['100px&#039;,&#039;100px&#039;,&#039;100px&#039;,&#039;100px&#039;,&#039;100px'],size:{fullWidth:true, fullHeight:true},fho:',',mh:'0',onh:0,onw:0,bg:{color:'{\"orig\":\"transparent\",\"type\":\"solid\",\"string\":\"transparent\"}'}});   SR7.PMH[\"SR7_3_1\"].state=true;} else if((SR7.PMH[\"SR7_3_1\"].cn++)<100)\tsetTimeout( SR7.PMH[\"SR7_3_1\"].fn,19);}};SR7.PMH[\"SR7_3_1\" ].fn();\n\t\t\t\t<\/script>\n<\/div>\n\n\t\t\t\t\t\t<\/div>\n\t\t\t\t<\/div>\n\t\t\t\t\t<\/div>\n\t\t<\/div>\n\t\t\t\t\t<\/div>\n\t\t<\/section>\n\t\t\t\t<\/div>\n\t\t","protected":false},"excerpt":{"rendered":"Creamos identidades visuales con car\u00e1cter que conectan con su p\u00fablico a trav\u00e9s de un dise\u00f1o estrat\u00e9gico y coherente. BRANDING info@falera.pro Contacto +34 600 456 163 Instagram Linkedin > Proyectos Dise\u00f1amos envases que combinan creatividad y funcionalidad, convirti\u00e9ndolos en una herramienta para transmitir los valores de...","protected":false},"author":1,"featured_media":0,"parent":0,"menu_order":0,"comment_status":"closed","ping_status":"closed","template":"full_width.php","meta":{"_coblocks_attr":"","_coblocks_dimensions":"","_coblocks_responsive_height":"","_coblocks_accordion_ie_support":"","footnotes":""},"class_list":["post-1017","page","type-page","status-publish","hentry"],"_links":{"self":[{"href":"https:\/\/falera.pro\/es\/wp-json\/wp\/v2\/pages\/1017","targetHints":{"allow":["GET"]}}],"collection":[{"href":"https:\/\/falera.pro\/es\/wp-json\/wp\/v2\/pages"}],"about":[{"href":"https:\/\/falera.pro\/es\/wp-json\/wp\/v2\/types\/page"}],"author":[{"embeddable":true,"href":"https:\/\/falera.pro\/es\/wp-json\/wp\/v2\/users\/1"}],"replies":[{"embeddable":true,"href":"https:\/\/falera.pro\/es\/wp-json\/wp\/v2\/comments?post=1017"}],"version-history":[{"count":8,"href":"https:\/\/falera.pro\/es\/wp-json\/wp\/v2\/pages\/1017\/revisions"}],"predecessor-version":[{"id":1101,"href":"https:\/\/falera.pro\/es\/wp-json\/wp\/v2\/pages\/1017\/revisions\/1101"}],"wp:attachment":[{"href":"https:\/\/falera.pro\/es\/wp-json\/wp\/v2\/media?parent=1017"}],"curies":[{"name":"wp","href":"https:\/\/api.w.org\/{rel}","templated":true}]}}